{"id":164,"date":"2021-05-06T18:01:20","date_gmt":"2021-05-06T16:01:20","guid":{"rendered":"https:\/\/carolouesadeco.fr\/index.php\/mon-compte\/"},"modified":"2021-05-06T18:01:20","modified_gmt":"2021-05-06T16:01:20","slug":"mon-compte","status":"publish","type":"page","link":"https:\/\/www.carolouesadeco.fr\/index.php\/mon-compte\/","title":{"rendered":"Mon compte"},"content":{"rendered":"<div class=\"woocommerce\"><\/div>\n","protected":false},"excerpt":{"rendered":"","protected":false},"author":1,"featured_media":0,"parent":0,"menu_order":0,"comment_status":"closed","ping_status":"closed","template":"","meta":{"_et_pb_use_builder":"","_et_pb_old_content":"","_et_gb_content_width":"","footnotes":""},"class_list":["post-164","page","type-page","status-publish","hentry"],"yoast_head":"<!-- This site is optimized with the Yoast SEO plugin v26.7 - https:\/\/yoast.com\/wordpress\/plugins\/seo\/ -->\n<title>Mon compte - Caro Loue Sa D\u00e9co<\/title>\n<meta name=\"robots\" content=\"index, follow, max-snippet:-1, max-image-preview:large, max-video-preview:-1\" \/>\n<link rel=\"canonical\" href=\"https:\/\/www.carolouesadeco.fr\/index.php\/mon-compte\/\" \/>\n<meta property=\"og:locale\" content=\"fr_FR\" \/>\n<meta property=\"og:type\" content=\"article\" \/>\n<meta property=\"og:title\" content=\"Mon compte - Caro Loue Sa D\u00e9co\" \/>\n<meta property=\"og:url\" content=\"https:\/\/www.carolouesadeco.fr\/index.php\/mon-compte\/\" \/>\n<meta property=\"og:site_name\" content=\"Caro Loue Sa D\u00e9co\" \/>\n<meta name=\"twitter:card\" content=\"summary_large_image\" \/>\n<script type=\"application\/ld+json\" class=\"yoast-schema-graph\">{\"@context\":\"https:\/\/schema.org\",\"@graph\":[{\"@type\":\"WebPage\",\"@id\":\"https:\/\/www.carolouesadeco.fr\/index.php\/mon-compte\/\",\"url\":\"https:\/\/www.carolouesadeco.fr\/index.php\/mon-compte\/\",\"name\":\"Mon compte - Caro Loue Sa D\u00e9co\",\"isPartOf\":{\"@id\":\"https:\/\/www.carolouesadeco.fr\/#website\"},\"datePublished\":\"2021-05-06T16:01:20+00:00\",\"breadcrumb\":{\"@id\":\"https:\/\/www.carolouesadeco.fr\/index.php\/mon-compte\/#breadcrumb\"},\"inLanguage\":\"fr-FR\",\"potentialAction\":[{\"@type\":\"ReadAction\",\"target\":[\"https:\/\/www.carolouesadeco.fr\/index.php\/mon-compte\/\"]}]},{\"@type\":\"BreadcrumbList\",\"@id\":\"https:\/\/www.carolouesadeco.fr\/index.php\/mon-compte\/#breadcrumb\",\"itemListElement\":[{\"@type\":\"ListItem\",\"position\":1,\"name\":\"Accueil\",\"item\":\"https:\/\/www.carolouesadeco.fr\/\"},{\"@type\":\"ListItem\",\"position\":2,\"name\":\"Mon compte\"}]},{\"@type\":\"WebSite\",\"@id\":\"https:\/\/www.carolouesadeco.fr\/#website\",\"url\":\"https:\/\/www.carolouesadeco.fr\/\",\"name\":\"Caro Loue Sa D\u00e9co\",\"description\":\"Location de d\u00e9coration et \u00e9v\u00e8nementiel\",\"publisher\":{\"@id\":\"https:\/\/www.carolouesadeco.fr\/#organization\"},\"alternateName\":\"Caro Loue Sa D\u00e9co\",\"potentialAction\":[{\"@type\":\"SearchAction\",\"target\":{\"@type\":\"EntryPoint\",\"urlTemplate\":\"https:\/\/www.carolouesadeco.fr\/?s={search_term_string}\"},\"query-input\":{\"@type\":\"PropertyValueSpecification\",\"valueRequired\":true,\"valueName\":\"search_term_string\"}}],\"inLanguage\":\"fr-FR\"},{\"@type\":\"Organization\",\"@id\":\"https:\/\/www.carolouesadeco.fr\/#organization\",\"name\":\"Caro Loue Sa D\u00e9co\",\"url\":\"https:\/\/www.carolouesadeco.fr\/\",\"logo\":{\"@type\":\"ImageObject\",\"inLanguage\":\"fr-FR\",\"@id\":\"https:\/\/www.carolouesadeco.fr\/#\/schema\/logo\/image\/\",\"url\":\"https:\/\/www.carolouesadeco.fr\/wp-content\/uploads\/2021\/04\/976A544F-3262-454C-A6FF-79F30E494349.png\",\"contentUrl\":\"https:\/\/www.carolouesadeco.fr\/wp-content\/uploads\/2021\/04\/976A544F-3262-454C-A6FF-79F30E494349.png\",\"width\":500,\"height\":500,\"caption\":\"Caro Loue Sa D\u00e9co\"},\"image\":{\"@id\":\"https:\/\/www.carolouesadeco.fr\/#\/schema\/logo\/image\/\"}}]}<\/script>\n<!-- \/ Yoast SEO plugin. -->","yoast_head_json":{"title":"Mon compte - Caro Loue Sa D\u00e9co","robots":{"index":"index","follow":"follow","max-snippet":"max-snippet:-1","max-image-preview":"max-image-preview:large","max-video-preview":"max-video-preview:-1"},"canonical":"https:\/\/www.carolouesadeco.fr\/index.php\/mon-compte\/","og_locale":"fr_FR","og_type":"article","og_title":"Mon compte - Caro Loue Sa D\u00e9co","og_url":"https:\/\/www.carolouesadeco.fr\/index.php\/mon-compte\/","og_site_name":"Caro Loue Sa D\u00e9co","twitter_card":"summary_large_image","schema":{"@context":"https:\/\/schema.org","@graph":[{"@type":"WebPage","@id":"https:\/\/www.carolouesadeco.fr\/index.php\/mon-compte\/","url":"https:\/\/www.carolouesadeco.fr\/index.php\/mon-compte\/","name":"Mon compte - Caro Loue Sa D\u00e9co","isPartOf":{"@id":"https:\/\/www.carolouesadeco.fr\/#website"},"datePublished":"2021-05-06T16:01:20+00:00","breadcrumb":{"@id":"https:\/\/www.carolouesadeco.fr\/index.php\/mon-compte\/#breadcrumb"},"inLanguage":"fr-FR","potentialAction":[{"@type":"ReadAction","target":["https:\/\/www.carolouesadeco.fr\/index.php\/mon-compte\/"]}]},{"@type":"BreadcrumbList","@id":"https:\/\/www.carolouesadeco.fr\/index.php\/mon-compte\/#breadcrumb","itemListElement":[{"@type":"ListItem","position":1,"name":"Accueil","item":"https:\/\/www.carolouesadeco.fr\/"},{"@type":"ListItem","position":2,"name":"Mon compte"}]},{"@type":"WebSite","@id":"https:\/\/www.carolouesadeco.fr\/#website","url":"https:\/\/www.carolouesadeco.fr\/","name":"Caro Loue Sa D\u00e9co","description":"Location de d\u00e9coration et \u00e9v\u00e8nementiel","publisher":{"@id":"https:\/\/www.carolouesadeco.fr\/#organization"},"alternateName":"Caro Loue Sa D\u00e9co","potentialAction":[{"@type":"SearchAction","target":{"@type":"EntryPoint","urlTemplate":"https:\/\/www.carolouesadeco.fr\/?s={search_term_string}"},"query-input":{"@type":"PropertyValueSpecification","valueRequired":true,"valueName":"search_term_string"}}],"inLanguage":"fr-FR"},{"@type":"Organization","@id":"https:\/\/www.carolouesadeco.fr\/#organization","name":"Caro Loue Sa D\u00e9co","url":"https:\/\/www.carolouesadeco.fr\/","logo":{"@type":"ImageObject","inLanguage":"fr-FR","@id":"https:\/\/www.carolouesadeco.fr\/#\/schema\/logo\/image\/","url":"https:\/\/www.carolouesadeco.fr\/wp-content\/uploads\/2021\/04\/976A544F-3262-454C-A6FF-79F30E494349.png","contentUrl":"https:\/\/www.carolouesadeco.fr\/wp-content\/uploads\/2021\/04\/976A544F-3262-454C-A6FF-79F30E494349.png","width":500,"height":500,"caption":"Caro Loue Sa D\u00e9co"},"image":{"@id":"https:\/\/www.carolouesadeco.fr\/#\/schema\/logo\/image\/"}}]}},"_links":{"self":[{"href":"https:\/\/www.carolouesadeco.fr\/index.php\/wp-json\/wp\/v2\/pages\/164","targetHints":{"allow":["GET"]}}],"collection":[{"href":"https:\/\/www.carolouesadeco.fr\/index.php\/wp-json\/wp\/v2\/pages"}],"about":[{"href":"https:\/\/www.carolouesadeco.fr\/index.php\/wp-json\/wp\/v2\/types\/page"}],"author":[{"embeddable":true,"href":"https:\/\/www.carolouesadeco.fr\/index.php\/wp-json\/wp\/v2\/users\/1"}],"replies":[{"embeddable":true,"href":"https:\/\/www.carolouesadeco.fr\/index.php\/wp-json\/wp\/v2\/comments?post=164"}],"version-history":[{"count":0,"href":"https:\/\/www.carolouesadeco.fr\/index.php\/wp-json\/wp\/v2\/pages\/164\/revisions"}],"wp:attachment":[{"href":"https:\/\/www.carolouesadeco.fr\/index.php\/wp-json\/wp\/v2\/media?parent=164"}],"curies":[{"name":"wp","href":"https:\/\/api.w.org\/{rel}","templated":true}]}}